{"id":2517,"date":"2019-03-18T15:46:42","date_gmt":"2019-03-18T14:46:42","guid":{"rendered":"http:\/\/dressandfriends.com\/?page_id=2517"},"modified":"2021-01-13T11:17:09","modified_gmt":"2021-01-13T10:17:09","slug":"agb","status":"publish","type":"page","link":"https:\/\/dressandfriends.com\/en\/agb\/","title":{"rendered":"Footer | AGB"},"content":{"rendered":"<div data-elementor-type=\"wp-post\" data-elementor-id=\"2517\" class=\"elementor elementor-2517\" data-elementor-post-type=\"page\">\n\t\t\t\t\t\t<section class=\"elementor-section elementor-top-section elementor-element elementor-element-c4dd91f elementor-section-full_width elementor-section-height-min-height elementor-section-height-default elementor-section-items-middle exad-glass-effect-no exad-sticky-section-no\" data-id=\"c4dd91f\" data-element_type=\"section\" data-settings=\"{&quot;background_background&quot;:&quot;classic&quot;}\">\n\t\t\t\t\t\t\t<div class=\"elementor-background-overlay\"><\/div>\n\t\t\t\t\t\t\t<div class=\"elementor-container elementor-column-gap-default\">\n\t\t\t\t\t<div class=\"elementor-column elementor-col-100 elementor-top-column elementor-element elementor-element-15e3c90 exad-glass-effect-no exad-sticky-section-no\" data-id=\"15e3c90\" data-element_type=\"column\">\n\t\t\t<div class=\"elementor-widget-wrap elementor-element-populated\">\n\t\t\t\t\t\t\t<\/div>\n\t\t<\/div>\n\t\t\t\t\t<\/div>\n\t\t<\/section>\n\t\t\t\t<section class=\"elementor-section elementor-top-section elementor-element elementor-element-dcdea80 elementor-section-boxed elementor-section-height-default elementor-section-height-default exad-glass-effect-no exad-sticky-section-no\" data-id=\"dcdea80\" data-element_type=\"section\">\n\t\t\t\t\t\t<div class=\"elementor-container elementor-column-gap-default\">\n\t\t\t\t\t<div class=\"elementor-column elementor-col-100 elementor-top-column elementor-element elementor-element-2f80555 exad-glass-effect-no exad-sticky-section-no\" data-id=\"2f80555\" data-element_type=\"column\">\n\t\t\t<div class=\"elementor-widget-wrap elementor-element-populated\">\n\t\t\t\t\t\t<div class=\"elementor-element elementor-element-6bd5f02 exad-sticky-section-no exad-glass-effect-no elementor-widget elementor-widget-spacer\" data-id=\"6bd5f02\" data-element_type=\"widget\" data-widget_type=\"spacer.default\">\n\t\t\t\t<div class=\"elementor-widget-container\">\n\t\t\t\t\t\t\t<div class=\"elementor-spacer\">\n\t\t\t<div class=\"elementor-spacer-inner\"><\/div>\n\t\t<\/div>\n\t\t\t\t\t\t<\/div>\n\t\t\t\t<\/div>\n\t\t\t\t\t<\/div>\n\t\t<\/div>\n\t\t\t\t\t<\/div>\n\t\t<\/section>\n\t\t\t\t<section class=\"elementor-section elementor-top-section elementor-element elementor-element-f4b3542 elementor-section-boxed elementor-section-height-default elementor-section-height-default exad-glass-effect-no exad-sticky-section-no\" data-id=\"f4b3542\" data-element_type=\"section\">\n\t\t\t\t\t\t<div class=\"elementor-container elementor-column-gap-default\">\n\t\t\t\t\t<div class=\"elementor-column elementor-col-100 elementor-top-column elementor-element elementor-element-c11d085 exad-glass-effect-no exad-sticky-section-no\" data-id=\"c11d085\" data-element_type=\"column\">\n\t\t\t<div class=\"elementor-widget-wrap elementor-element-populated\">\n\t\t\t\t\t\t<div class=\"elementor-element elementor-element-588cc52 exad-sticky-section-no exad-glass-effect-no elementor-widget elementor-widget-text-editor\" data-id=\"588cc52\" data-element_type=\"widget\" data-widget_type=\"text-editor.default\">\n\t\t\t\t<div class=\"elementor-widget-container\">\n\t\t\t\t\t\t\t\t\t<h1>Allgemeine Gesch\u00e4ftsbedingungen<\/h1>\n<strong>\u00a0<\/strong>\n\n<h2><strong> 1. Geltung der AGB<\/strong><\/h2>\n<\/ol>\n(1) F\u00fcr s\u00e4mtliche, auch zuk\u00fcnftige Gesch\u00e4fte zwischen dem Auftraggeber (im Folgenden \u201eKunde\u201c genannt) und der Dressandfriends GmbH (im Folgenden \u201eAgentur\u201c) gelten die folgenden allgemeinen Gesch\u00e4ftsbedingungen (im Folgenden \u201eAGB\u201c).\n<br> <br> \n(2) Entgegenstehende oder abweichende AGB des Kunden werden nur Vertragsbestandteil, wenn die Vertragsparteien dies schriftlich vereinbaren. Abweichende AGB des Kunden, die z. B. in einer Gegenbest\u00e4tigung enthalten sind, kommen auch dann nicht zur Geltung, wenn die Agentur diesen nicht widerspricht.\n<br>\n<strong>\u00a0<\/strong>\n<h2>\n2. Vertragsschluss, Leistung und Honorar <\/h2>\n<\/ol>\n(1) Die Agentur ist eine klassische Full-Service-Agentur. Die Leistungen der Agentur umfassen u. a. die Entwicklung von Strategien und Projekten f\u00fcr die erfolgreiche Vermarktung von Produkten, Konzepte und Ideen f\u00fcr klassische Werbung, Direktmarketing, Medical Education, Veranstaltungen, Entwicklung von Corporate Designs, Entw\u00fcrfe f\u00fcr Werbemittel bzw. andere Medien etc. (im Folgenden auch \u201eLeistung(en)\u201c genannt).\n<br> <br>\n(2) Angebote der Agentur sind grunds\u00e4tzlich freibleibend, erst eine Auftragsbest\u00e4tigung der Agentur oder die Leistung begr\u00fcndet einen entsprechenden Vertrag.\n<br> <br> \n(3) Einzelheiten zu Inhalt und Umfang der gegen\u00fcber dem Kunden zu erbringenden Leistungen der Agentur ergeben sich aus dem zwischen der Agentur und dem Kunden geschlossenen Vertrag (im Folgenden auch \u201eVertrag\u201c genannt). Mangels anderweitiger Vereinbarung oder bei fehlender Detaillierung im Vertrag schuldet die Agentur Leistungen mittlerer Art und G\u00fcte. Die Agentur verpflichtet sich, den Auftrag mit der erforderlichen Sorgfalt auszuf\u00fchren.\n<br> <br> \n(4) Die Agentur wird dem Kunden im Zuge der Vertragsverhandlungen eine schriftliche Vorkalkulation erstellen. Das in der Vorkalkulation genannte Honorar gilt als vereinbart, wenn der Kunde nicht innerhalb von drei Tagen ab Erhalt widerspricht. Wird keine Vorkalkulation erstellt, gilt die aktuelle Preisliste der Agentur als vereinbart. Die Agentur wird diese dem Kunden auf Verlangen zur Verf\u00fcgung stellen.\n<br> <br> \n(5) F\u00fcr vorbereitende Arbeiten der Agentur, die aus Gr\u00fcnden, die die Agentur nicht zu vertreten hat, ganz oder teilweise nicht zur Ausf\u00fchrung gelangen, geb\u00fchrt der Agentur eine angemessene Verg\u00fctung.\n\nMit der Bezahlung dieser Verg\u00fctung erwirbt der Kunde an diesen Arbeiten keinerlei Rechte.\n<br> <br> \n(6) Die Agentur ist berechtigt, zur Deckung ihres Aufwandes Vorsch\u00fcsse zu verlangen. Alle Leistungen der Agentur, die nicht ausdr\u00fccklich durch das vereinbarte Honorar abgegolten sind, werden gesondert entlohnt. Alle der Agentur erwachsenen Auslagen, die \u00fcber den \u00fcblichen Gesch\u00e4ftsbetrieb\n\nhinausgehen (z. B. Kosten f\u00fcr Botendienste, au\u00dfergew\u00f6hnliche Versandkosten oder Reisen) sind vom Kunden zu ersetzen.\n<br> <br> \n<strong>\u00a0<\/strong>\n<h2> 3. Pr\u00e4sentation\/Vertragsverhandlungen<\/h2>\n(1) Erh\u00e4lt die Agentur nach einer Pr\u00e4sentation im Zuge von Vertragsverhandlungen keinen Auftrag, so bleiben alle Leistungen der Agentur, insbesondere die Pr\u00e4sentationsunterlagen und deren Inhalt\n\nim Eigentum der Agentur; der Kunde ist nicht berechtigt, diese \u2013 in welcher Form auch immer \u2013 weiter zu nutzen; die Unterlagen sind vielmehr unverz\u00fcglich der Agentur zur\u00fcckzugeben. In der Annahme\n\neines Pr\u00e4sentationshonorars liegt keine Zustimmung zur Verwendung der Pr\u00e4sentationsunterlagen oder zur Nutzung der pr\u00e4sentierten Leistungen.\n<br> <br> \n(2) Werden die im Zuge einer Pr\u00e4sentation eingebrachten Ideen und Konzepte f\u00fcr die L\u00f6sung von Kommunikationsaufgaben nicht in von der Agentur f\u00fcr den Kunden gestalteten Leistungen verwertet, so ist die Agentur berechtigt, die pr\u00e4sentierten Ideen und Konzepte anderweitig zu verwenden.\n<br> <br> \n(3) Die Weitergabe von Pr\u00e4sentationsunterlagen durch den Kunden an Dritte sowie deren Ver\u00f6ffentlichung, Vervielf\u00e4ltigung oder sonstige Verbreitung ist ohne ausdr\u00fcckliche Zustimmung der Agentur nicht zul\u00e4ssig.\n<br> <br> \n<h2>\n4. Eigentumsrecht, Urheberschutz und Nutzungsrechte<\/h2>\n<br> (1) S\u00e4mtliche Rechte an allen von der Agentur f\u00fcr den Kunden erbrachten Leistungen, einschlie\u00dflich jener aus Pr\u00e4sentationen (z. B. Ideen, Skizzen, Vorentw\u00fcrfe, Skribbles, Reinzeichnungen, Konzepte, Negative, Dias), auch Ausz\u00fcge daraus, bleiben ebenso wie die einzelnen Werkst\u00fccke und Entwurfsoriginale im Eigentum der Agentur und k\u00f6nnen von der Agentur jederzeit zur\u00fcckverlangt werden. Die Agentur r\u00e4umt dem Kunden Nutzungsrechte an den von der Agentur im Rahmen des Auftrages f\u00fcr\n\nden Kunden erbrachten Leistungen nach Ma\u00dfgabe des Vertrages oder einer separaten Nutzungsvereinbarung ein. Soweit durch Vertrag oder separate Nutzungsvereinbarung nichts anderes vereinbart worden ist, gilt das Folgende: Der Kunde erwirbt durch Zahlung des f\u00fcr die Leistung vereinbarten Honorars das Recht der Nutzung (einschlie\u00dflich Vervielf\u00e4ltigung), \u00f6rtlich begrenzt auf die Verwendung in der Bundesrepublik Deutschland und zeitlich begrenzt auf den Zeitraum, in dem die Umsetzung der Leistungen (z. B. Anzeigenkampagnen) durch die Agentur erfolgt. Der Kunde erwirbt durch Zahlung des Honorars nicht das Recht, die Leistungen unabh\u00e4ngig von der Agentur umzusetzen. Die\n\nNutzungsrechte f\u00fcr eine von der Agentur unabh\u00e4ngige Umsetzung m\u00fcssen separat von der Agentur erworben werden. Der Agentur geb\u00fchrt daf\u00fcr eine angemessene Verg\u00fctung. Der Kunde ist nicht berechtigt, Nutzungsrechte an den von der Agentur f\u00fcr den Kunden erbrachten Leistungen in irgendeiner Form an Dritte zu \u00fcbertragen.\n<br> <br> \n(2) Ver\u00e4nderungen an den durch die Agentur erbrachten Leistungen durch den Kunden sind nur mit ausdr\u00fccklicher Zustimmung der Agentur zul\u00e4ssig.\n<br> <br> \n(3) F\u00fcr die Nutzung von Leistungen der Agentur, die \u00fcber den urspr\u00fcnglich vereinbarten Zweck und Nutzungsumfang hinausgeht, ist, unabh\u00e4ngig davon, ob diese Leistung urheberrechtlich gesch\u00fctzt ist, die Zustimmung der Agentur erforderlich. Daf\u00fcr steht der Agentur und dem Urheber eine gesonderte angemessene Verg\u00fctung zu.\n<br> <br> \n(4) \u00dcber den Umfang der Nutzung steht der Agentur ein Auskunftsanspruch zu.\n<br> <br> \n(5) Die Agentur ist berechtigt, die von ihr erbrachten Arbeiten und Leistungen im Rahmen ihrer Eigenwerbung, auch im Internet und im Rahmen von Wettbewerben, zu verwenden.\n<br> <br> \n<h2> 5. Mitwirkungs- und Aufkl\u00e4rungspflichten<\/h2>\n(1) Der Kunde hat s\u00e4mtliche f\u00fcr die Durchf\u00fchrung von Projekten notwendigen Mitwirkungshandlungen vorzunehmen und die Agentur zu unterst\u00fctzen. Diese Mitwirkungspflicht gilt insbesondere f\u00fcr termingebundene Projekte, bei denen zur Einhaltung bestimmter Fristen die Mitwirkung des Kunden unerl\u00e4sslich ist. Der Kunde sorgt daf\u00fcr, dass der Agentur alle f\u00fcr die Durchf\u00fchrung der Vereinbarung notwendigen Unterlagen rechtzeitig und ohne besondere Aufforderung vorgelegt werden\n\nund dass die Agentur von allen Vorg\u00e4ngen, die f\u00fcr die Ausf\u00fchrung der Vereinbarung von Bedeutung sein k\u00f6nnen, unverz\u00fcglich in Kenntnis gesetzt wird.\n<br> <br> \n(2) Alle Leistungen der Agentur (insbesondere alle Vorentw\u00fcrfe, Skizzen, Reinzeichnungen, Proofs Blaupausen und Farbabdr\u00fccke) sind vom Kunden zu \u00fcberpr\u00fcfen und innerhalb der in der Projektabwicklung\n\nvereinbarten Frist freizugeben.\n<br> <br> \n(3) Der Kunde wird insbesondere die rechtliche, vor allem die wettbewerbs- und kennzeichenrechtliche Zul\u00e4ssigkeit der Agenturleistungen \u00fcberpr\u00fcfen lassen. Die Agentur veranlasst eine externe rechtliche Pr\u00fcfung nur auf Wunsch des Kunden; die damit verbundenen Kosten hat der Kunde\n<br> \nzu tragen.\n<br> <br> \n<h2> 6. Abwicklung von Auftr\u00e4gen<\/h2>\n\n(1) Von der Agentur \u00fcbermittelte Besprechungsprotokolle sind verbindlich, wenn der Kunde nicht unverz\u00fcglich nach Erhalt widerspricht.\n<br> <br> \n(2) Vorlagen, Dateien und sonstige Arbeitsmittel (insbesondere Negative, Modelle, Originalillustrationen und \u00e4hnliches), die die Agentur erstellt oder erstellen l\u00e4sst, um die nach dem Vertrag geschuldete Leistung zu erbringen, bleiben ihr Eigentum. Eine Herausgabepflicht besteht nicht. Zur Aufbewahrung ist die Agentur nicht verpflichtet.\n<br> <br> \n<h2> 7. Auftragserteilung an Dritte<\/h2> \n(1) Die Agentur ist berechtigt, zur Erbringung ihrer Leistungen Dritte einzusetzen.\n<br> <br> \n(2) Sie ist ferner berechtigt, den Kunden kraft der ihr im Vertrag nach Inhalt und Umfang seitens des Kunden einger\u00e4umten Vollmacht zu vertreten.\n<br> <br> \n<h2> 8. Lieferung, Lieferfristen<\/h2> \n<br> \n(1) Die \u00dcbergabe der Leistungen erfolgt regelm\u00e4\u00dfig am Sitz der Agentur.\n\nDie Lieferverpflichtungen der Agentur sind erf\u00fcllt, sobald die Arbeiten und Leistungen von ihr zur Versendung gebracht sind.\n\nDie Agentur erf\u00fcllt ihre vertragliche Leistungsverpflichtung daher regelm\u00e4\u00dfig, sobald sie die jeweilige Leistung zur Versendung gebracht bzw. den jeweiligen Dienst erbracht hat. Der Kunde tr\u00e4gt das Risiko des zuf\u00e4lligen Untergangs bei der \u00dcbermittlung (z. B. Besch\u00e4digung, Verlust oder Verz\u00f6gerung), gleich mit welchem Medium \u00fcbermittelt wird. Dies gilt ebenso, wenn Teillieferungen erfolgen.\n<br> <br> \n(2) Lieferfristen sind nur verbindlich, wenn der Kunde seine Mitwirkungspflichten nach Ziffer 5 (zum Beispiel Beschaffung von Unterlagen, Freigaben) ordnungsgem\u00e4\u00df erf\u00fcllt hat.\n<br> <br> \n(3) Unabwendbare oder unvorhersehbare Ereignisse insbesondere Verz\u00f6gerungen bei Dritten, die nach Ziffer 7 von der Agentur eingesetzt werden, entbinden die Agentur von der Einhaltung des vereinbarten\n\nLiefertermins. Die Agentur wird sich in diesen F\u00e4llen unverz\u00fcglich mit dem Kunden in Verbindung setzen, um einen neuen Termin abzustimmen.\n<br> <br> \n(4) Die Agentur ist bestrebt, die vereinbarten Termine einzuhalten. Die Nichteinhaltung der Termine berechtigt den Kunden allerdings erst dann zur Geltendmachung der ihm gesetzlich zustehenden Rechte, wenn er der Agentur eine Nachfrist von mindestens 14 Tagen gew\u00e4hrt hat. Diese Frist beginnt mit dem Zugang eines Mahnschreibens an die Agentur.\n<br> <br> \n<h2> 9. Zahlungsbedingungen<\/h2> \n(1) Vereinbarte Preise sind Nettopreise, zu denen die jeweils geltende Umsatzsteuer hinzukommt. K\u00fcnstlersozialabgabe, Z\u00f6lle oder sonstige, auch nachtr\u00e4glich entstehende Abgaben, werden an den Kunden weiterberechnet.\n<br> <br> \n(2) Rechnungen sind 14 Tage nach Rechnungsdatum ohne Abzug zur Zahlung f\u00e4llig. Vom Tag der F\u00e4lligkeit an ist die Agentur berechtigt, bei Entgeltforderungen F\u00e4lligkeitszinsen in H\u00f6he von 8 Prozentpunkten\n\n\u00fcber dem Basiszinssatz geltend zu machen.\n<br> <br> \n(3) Bis zur vollst\u00e4ndigen Zahlung aller den Auftrag betreffenden Rechnungen beh\u00e4lt die Agentur s\u00e4mtliche Rechte an allen Leistungen sowie \u00fcberlassenen Unterlagen und Gegenst\u00e4nden, insbesondere\n\nggf. zu \u00fcbertragende Nutzungsrechte, vor.\n<br> <br> \n(4) Eine Aufrechnung gegen die Forderungen der Agentur ist nur mit unbestrittenen, rechtskr\u00e4ftig festgestellten oder von der Agentur anerkannten Forderungen zul\u00e4ssig.\n<br> <br> \n<h2>\n 10. Gew\u00e4hrleistung, Schadenersatz, Haftung<\/h2>\n<br> <br> \n(1) Der Kunde hat etwaige Reklamationen innerhalb von drei Tagen nach Leistung durch die Agentur schriftlich geltend zu machen und zu begr\u00fcnden. Im Fall berechtigter und rechtzeitiger Reklamation\n\nsteht dem Kunden nach Wahl der Agentur das Recht auf Nachbesserung der Leistung oder Ersatzlieferung durch die Agentur zu.\n<br> <br> \n(2) Unterbleibt die unverz\u00fcgliche \u00dcberpr\u00fcfung oder M\u00e4ngelanzeige, bestehen keine Anspr\u00fcche des Kunden bez\u00fcglich offensichtlicher M\u00e4ngel sowie Folgesch\u00e4den.\n<br> <br> \n(3) Die Agentur haftet grunds\u00e4tzlich nur, soweit sie Sch\u00e4den durch vors\u00e4tzliches oder grob fahrl\u00e4ssiges Handeln verursacht hat.\n<br> <br> \n(4) Im \u00dcbrigen gelten f\u00fcr die Haftung der Agentur bei Fahrl\u00e4ssigkeit nachfolgende Regelungen:\n\nSchadensersatzanspr\u00fcche wegen M\u00e4ngel und Folgesch\u00e4den, aus positiver Vertragsverletzung, Verschulden bei Vertragsabschluss und unerlaubter Handlung sind ausgeschlossen. Hat der Auftrag Weiterbarbeitungen\n\nzum Gegenstand, so haftet die Agentur nicht f\u00fcr die dadurch verursachte Beeintr\u00e4chtigung des weiter zu arbeiteten Projektes. Schadensersatzanspr\u00fcche wegen Unm\u00f6glichkeit und\n\nVerzug sind beschr\u00e4nkt auf die H\u00f6he des Auftragswertes (Eigenleistung, ausschlie\u00dflich Vorleistung und Material). Vorstehende Haftungsbeschr\u00e4nkungen gelten im gleichen Umfang f\u00fcr die Erf\u00fcllungs und Verrichtungsgehilfen der Agentur. Vorstehende Haftungsbeschr\u00e4nkungen gelten nicht bei schuldhaften Verst\u00f6\u00dfen gegen wesentliche Vertragspflichten, soweit die Erreichung des Vertragszwecks\n\ngef\u00e4hrdet wird, bei Fehlen zugesicherter Eigenschaften, in F\u00e4llen zwingender Haftung nach dem Produkthaftungsgesetz sowie bei vors\u00e4tzlichem Handeln, bei Anspr\u00fcchen aus einer Garantie, bei\n\nVerletzung von Leben, K\u00f6rper und Gesundheit sowie bei Anspr\u00fcchen aus dem Produkthaftungsgesetz\n<br> <br> \n(5) Die Agentur f\u00fchrt die ihr \u00fcbertragenen Arbeiten unter Beachtung der f\u00fcr sie g\u00fcltigen allgemein anerkannten Rechtsgrunds\u00e4tze aus. Die Pr\u00fcfung von Rechtsfragen f\u00fcr den Kunden, insbesondere aus dem Bereich des Urheber-, Wettbewerbs- und Warenzeichenrechts ist nicht Aufgabe der Agentur.\n\nDeshalb haftet die Agentur dem Kunden insbesondere nicht f\u00fcr die rechtliche Zul\u00e4ssigkeit des Inhalts und\/oder der Ausgestaltung ihrer Leistungen. Gleiches gilt f\u00fcr eine Haftung f\u00fcr Fehler, die aus vom\n\nKunden \u00fcbergebenen Unterlagen herr\u00fchren. Dies gilt insbesondere dann, wenn die Agentur den Kunden auf rechtliche Bedenken bei der Vertragsabwicklung hingewiesen hat und der Kunde gleichwohl\n\nauf Durchf\u00fchrung besteht.\n<br> <br> \n(6) Jegliche Haftung der Agentur f\u00fcr Anspr\u00fcche, die aufgrund der Leistungen der Agentur von Dritten\n\ngegen den Kunden erhoben werden, wird ausdr\u00fccklich ausgeschlossen. Insbesondere haftet die Agentur nicht f\u00fcr Prozesskosten, eigene Anwaltskosten des Kunden oder Kosten von Urteilsver\u00f6ffentlichungen sowie f\u00fcr m\u00f6gliche Schadensersatzforderungen oder \u00e4hnliche Anspr\u00fcche Dritter gegen den\n\nKunden.\n<br> <br> \n(7) F\u00fcr den Fall, dass die Agentur wegen der Gestaltung und\/oder des Inhalts ihrer Leistungen auf Unterlassung, Schadensersatz o. \u00c4. in Anspruch genommen wird, h\u00e4lt der Kunde die Agentur schad- und\n\nklaglos, sofern die Inanspruchnahme nicht auf einer Pflichtverletzung der Agentur beruht, f\u00fcr die diese gem\u00e4\u00df Ziffern 10.3 und 10.4 haftet. Der Kunde hat der Agentur somit s\u00e4mtliche finanziellen oder sonstigen Nachteile (einschlie\u00dflich immaterieller Sch\u00e4den) zu ersetzen, die der Agentur aus der\n\nInanspruchnahme durch einen Dritten entstehen.\n<br> <br> \n<h2> 11. Vertraulichkeit<\/h2> \n<br>\nDie Agentur verpflichtet sich, Stillschweigen \u00fcber die ihr im Rahmen der Zusammenarbeit bekanntwerdenden vertraulichen Informationen des Kunden zu bewahren. Das gleiche gilt f\u00fcr den Kunden in Bezug auf ihn im Rahmen der Zusammenarbeit bekanntgewordenen vertraulichen Informationen \u00fcber die Agentur. Die Verschwiegenheitspflicht w\u00e4hrt \u00fcber das Vertragsende hinaus und gilt auch, wenn eine Zusammenarbeit nicht zu Stande kommt.\n<br> <br> \n<h2> 12. Datenschutz<\/h2>\nDer Auftraggeber best\u00e4tigt, dass von ihm oder auf seine Veranlassung von Dritten der Agentur zu \u00fcbermittelnde, personenbezogene Daten entsprechend den einschl\u00e4gigen Bestimmungen des Datenschutzes,\n\ninsbesondere des Bundesdatenschutzgesetzes, erhoben und verarbeitet wurden, dass etwa erforderliche Zustimmungen Betroffener vorliegen und dass die Nutzung der Daten durch die Agentur im Rahmen des der Agentur erteilten Auftrags keine dieser Bestimmungen verletzt oder den\n\nRahmen erteilter Zustimmungen \u00fcberschreitet.\n<br> <br> \n<h2> 13. Sonstiges<\/h2>\n(1) Auf die Rechtsbeziehungen zwischen der Agentur und dem Kunden ist ausschlie\u00dflich deutsches Recht anzuwenden.\n<br> <br> \n(2) Erf\u00fcllungsort f\u00fcr Leistungen und Zahlungen ist der Sitz der Agentur.\n<br> <br> \n(3) Ausschlie\u00dflicher Gerichtsstand f\u00fcr alle Streitigkeiten zwischen den Vertragsparteien ist der Sitz der Agentur.\n<br> <br> \n(4) Abweichende oder erg\u00e4nzende Vereinbarungen zu diesen AGB bed\u00fcrfen der Schriftform.\t\t\t\t\t\t\t\t<\/div>\n\t\t\t\t<\/div>\n\t\t\t\t\t<\/div>\n\t\t<\/div>\n\t\t\t\t\t<\/div>\n\t\t<\/section>\n\t\t\t\t<section class=\"elementor-section elementor-top-section elementor-element elementor-element-3bc4883 elementor-section-boxed elementor-section-height-default elementor-section-height-default exad-glass-effect-no exad-sticky-section-no\" data-id=\"3bc4883\" data-element_type=\"section\">\n\t\t\t\t\t\t<div class=\"elementor-container elementor-column-gap-default\">\n\t\t\t\t\t<div class=\"elementor-column elementor-col-100 elementor-top-column elementor-element elementor-element-a06e5d2 exad-glass-effect-no exad-sticky-section-no\" data-id=\"a06e5d2\" data-element_type=\"column\">\n\t\t\t<div class=\"elementor-widget-wrap elementor-element-populated\">\n\t\t\t\t\t\t<div class=\"elementor-element elementor-element-459e07b exad-sticky-section-no exad-glass-effect-no elementor-widget elementor-widget-spacer\" data-id=\"459e07b\" data-element_type=\"widget\" data-widget_type=\"spacer.default\">\n\t\t\t\t<div class=\"elementor-widget-container\">\n\t\t\t\t\t\t\t<div class=\"elementor-spacer\">\n\t\t\t<div class=\"elementor-spacer-inner\"><\/div>\n\t\t<\/div>\n\t\t\t\t\t\t<\/div>\n\t\t\t\t<\/div>\n\t\t\t\t\t<\/div>\n\t\t<\/div>\n\t\t\t\t\t<\/div>\n\t\t<\/section>\n\t\t\t\t<\/div>","protected":false},"excerpt":{"rendered":"<p>Allgemeine Gesch\u00e4ftsbedingungen \u00a0 1. Geltung der AGB (1) F\u00fcr s\u00e4mtliche, auch zuk\u00fcnftige Gesch\u00e4fte zwischen dem Auftraggeber (im Folgenden \u201eKunde\u201c genannt) und der Dressandfriends GmbH (im Folgenden \u201eAgentur\u201c) gelten die folgenden allgemeinen Gesch\u00e4ftsbedingungen (im Folgenden \u201eAGB\u201c). (2) Entgegenstehende oder abweichende AGB des Kunden werden nur Vertragsbestandteil, wenn die Vertragsparteien dies schriftlich vereinbaren. Abweichende AGB des Kunden, [&hellip;]<\/p>","protected":false},"author":3,"featured_media":0,"parent":0,"menu_order":0,"comment_status":"closed","ping_status":"closed","template":"","meta":{"content-type":"","ocean_post_layout":"full-screen","ocean_both_sidebars_style":"","ocean_both_sidebars_content_width":0,"ocean_both_sidebars_sidebars_width":0,"ocean_sidebar":"0","ocean_second_sidebar":"0","ocean_disable_margins":"enable","ocean_add_body_class":"","ocean_shortcode_before_top_bar":"","ocean_shortcode_after_top_bar":"","ocean_shortcode_before_header":"","ocean_shortcode_after_header":"","ocean_has_shortcode":"","ocean_shortcode_after_title":"","ocean_shortcode_before_footer_widgets":"","ocean_shortcode_after_footer_widgets":"","ocean_shortcode_before_footer_bottom":"","ocean_shortcode_after_footer_bottom":"","ocean_display_top_bar":"default","ocean_display_header":"default","ocean_header_style":"","ocean_center_header_left_menu":"0","ocean_custom_header_template":"0","ocean_custom_logo":0,"ocean_custom_retina_logo":0,"ocean_custom_logo_max_width":0,"ocean_custom_logo_tablet_max_width":0,"ocean_custom_logo_mobile_max_width":0,"ocean_custom_logo_max_height":0,"ocean_custom_logo_tablet_max_height":0,"ocean_custom_logo_mobile_max_height":0,"ocean_header_custom_menu":"0","ocean_menu_typo_font_family":"0","ocean_menu_typo_font_subset":"","ocean_menu_typo_font_size":0,"ocean_menu_typo_font_size_tablet":0,"ocean_menu_typo_font_size_mobile":0,"ocean_menu_typo_font_size_unit":"px","ocean_menu_typo_font_weight":"","ocean_menu_typo_font_weight_tablet":"","ocean_menu_typo_font_weight_mobile":"","ocean_menu_typo_transform":"","ocean_menu_typo_transform_tablet":"","ocean_menu_typo_transform_mobile":"","ocean_menu_typo_line_height":0,"ocean_menu_typo_line_height_tablet":0,"ocean_menu_typo_line_height_mobile":0,"ocean_menu_typo_line_height_unit":"","ocean_menu_typo_spacing":0,"ocean_menu_typo_spacing_tablet":0,"ocean_menu_typo_spacing_mobile":0,"ocean_menu_typo_spacing_unit":"","ocean_menu_link_color":"","ocean_menu_link_color_hover":"","ocean_menu_link_color_active":"","ocean_menu_link_background":"","ocean_menu_link_hover_background":"","ocean_menu_link_active_background":"","ocean_menu_social_links_bg":"","ocean_menu_social_hover_links_bg":"","ocean_menu_social_links_color":"","ocean_menu_social_hover_links_color":"","ocean_disable_title":"on","ocean_disable_heading":"default","ocean_post_title":"","ocean_post_subheading":"","ocean_post_title_style":"","ocean_post_title_background_color":"","ocean_post_title_background":0,"ocean_post_title_bg_image_position":"","ocean_post_title_bg_image_attachment":"","ocean_post_title_bg_image_repeat":"","ocean_post_title_bg_image_size":"","ocean_post_title_height":0,"ocean_post_title_bg_overlay":0.5,"ocean_post_title_bg_overlay_color":"","ocean_disable_breadcrumbs":"default","ocean_breadcrumbs_color":"","ocean_breadcrumbs_separator_color":"","ocean_breadcrumbs_links_color":"","ocean_breadcrumbs_links_hover_color":"","ocean_display_footer_widgets":"default","ocean_display_footer_bottom":"default","ocean_custom_footer_template":"0","footnotes":""},"folder":[],"class_list":["post-2517","page","type-page","status-publish","hentry","entry"],"_links":{"self":[{"href":"https:\/\/dressandfriends.com\/en\/wp-json\/wp\/v2\/pages\/2517","targetHints":{"allow":["GET"]}}],"collection":[{"href":"https:\/\/dressandfriends.com\/en\/wp-json\/wp\/v2\/pages"}],"about":[{"href":"https:\/\/dressandfriends.com\/en\/wp-json\/wp\/v2\/types\/page"}],"author":[{"embeddable":true,"href":"https:\/\/dressandfriends.com\/en\/wp-json\/wp\/v2\/users\/3"}],"replies":[{"embeddable":true,"href":"https:\/\/dressandfriends.com\/en\/wp-json\/wp\/v2\/comments?post=2517"}],"version-history":[{"count":7,"href":"https:\/\/dressandfriends.com\/en\/wp-json\/wp\/v2\/pages\/2517\/revisions"}],"predecessor-version":[{"id":5886,"href":"https:\/\/dressandfriends.com\/en\/wp-json\/wp\/v2\/pages\/2517\/revisions\/5886"}],"wp:attachment":[{"href":"https:\/\/dressandfriends.com\/en\/wp-json\/wp\/v2\/media?parent=2517"}],"wp:term":[{"taxonomy":"folder","embeddable":true,"href":"https:\/\/dressandfriends.com\/en\/wp-json\/wp\/v2\/folder?post=2517"}],"curies":[{"name":"wp","href":"https:\/\/api.w.org\/{rel}","templated":true}]}}